{"id":25001,"date":"2025-09-05T09:45:21","date_gmt":"2025-09-05T02:45:21","guid":{"rendered":"https:\/\/www.surehcs.com\/?page_id=25001"},"modified":"2025-09-05T09:50:50","modified_gmt":"2025-09-05T02:50:50","slug":"dieu-khoan-su-dung-website","status":"publish","type":"page","link":"https:\/\/www.surehcs.com\/en\/dieu-khoan-su-dung-website\/","title":{"rendered":"Terms of use"},"content":{"rendered":"<p>&nbsp;<\/p>\n<p style=\"text-align: center;\"><span style=\"font-size: 24pt;\"><strong>\u0110I\u1ec0U KHO\u1ea2N S\u1eec D\u1ee4NG WEBSITE<\/strong><\/span><\/p>\n<p>\u0110i\u1ec1u kho\u1ea3n s\u1eed d\u1ee5ng n\u00e0y (\u201c\u0110i\u1ec1u kho\u1ea3n\u201d) \u0111i\u1ec1u ch\u1ec9nh vi\u1ec7c truy c\u1eadp v\u00e0 s\u1eed d\u1ee5ng website do C\u00f4ng ty C\u1ed5 ph\u1ea7n Tin H\u1ecdc L\u1ea1c Vi\u1ec7t (\u201cC\u00f4ng ty\u201d, \u201cch\u00fang t\u00f4i\u201d) s\u1edf h\u1eefu v\u00e0 v\u1eadn h\u00e0nh. Khi truy c\u1eadp ho\u1eb7c s\u1eed d\u1ee5ng website, ng\u01b0\u1eddi d\u00f9ng (\u201cB\u1ea1n\u201d, \u201cNg\u01b0\u1eddi d\u00f9ng\u201d) \u0111\u01b0\u1ee3c xem l\u00e0 \u0111\u00e3 \u0111\u1ecdc, hi\u1ec3u v\u00e0 \u0111\u1ed3ng \u00fd tu\u00e2n th\u1ee7 \u0110i\u1ec1u kho\u1ea3n n\u00e0y.<\/p>\n<h2>\u0110i\u1ec1u 1. M\u1ee5c \u0111\u00edch website<\/h2>\n<p>Website cung c\u1ea5p th\u00f4ng tin, d\u1ecbch v\u1ee5, s\u1ea3n ph\u1ea9m, gi\u1ea3i ph\u00e1p v\u00e0 c\u00e1c n\u1ed9i dung li\u00ean quan \u0111\u1ebfn ho\u1ea1t \u0111\u1ed9ng kinh doanh c\u1ee7a C\u00f4ng ty. Ng\u01b0\u1eddi d\u00f9ng ch\u1ec9 \u0111\u01b0\u1ee3c ph\u00e9p s\u1eed d\u1ee5ng website cho m\u1ee5c \u0111\u00edch h\u1ee3p ph\u00e1p v\u00e0 ph\u00f9 h\u1ee3p v\u1edbi \u0110i\u1ec1u kho\u1ea3n n\u00e0y.<\/p>\n<h2>\u0110i\u1ec1u 2. Quy\u1ec1n s\u1edf h\u1eefu tr\u00ed tu\u1ec7<\/h2>\n<ol>\n<li>T\u1ea5t c\u1ea3 n\u1ed9i dung, bao g\u1ed3m nh\u01b0ng kh\u00f4ng gi\u1edbi h\u1ea1n: v\u0103n b\u1ea3n, h\u00ecnh \u1ea3nh, video, bi\u1ec3u tr\u01b0ng, nh\u00e3n hi\u1ec7u, giao di\u1ec7n, thi\u1ebft k\u1ebf, c\u01a1 s\u1edf d\u1eef li\u1ec7u v\u00e0 m\u00e3 ngu\u1ed3n, l\u00e0 t\u00e0i s\u1ea3n tr\u00ed tu\u1ec7 thu\u1ed9c s\u1edf h\u1eefu ho\u1eb7c \u0111\u01b0\u1ee3c c\u1ea5p ph\u00e9p h\u1ee3p ph\u00e1p cho C\u00f4ng ty.<\/li>\n<li>Ng\u01b0\u1eddi d\u00f9ng kh\u00f4ng \u0111\u01b0\u1ee3c sao ch\u00e9p, t\u00e1i b\u1ea3n, ph\u00e2n ph\u1ed1i, khai th\u00e1c cho m\u1ee5c \u0111\u00edch th\u01b0\u01a1ng m\u1ea1i n\u1ebfu kh\u00f4ng c\u00f3 s\u1ef1 \u0111\u1ed3ng \u00fd b\u1eb1ng v\u0103n b\u1ea3n c\u1ee7a C\u00f4ng ty.<\/li>\n<\/ol>\n<h2>\u0110i\u1ec1u 3. Ngh\u0129a v\u1ee5 c\u1ee7a ng\u01b0\u1eddi d\u00f9ng<\/h2>\n<ol>\n<li>Cung c\u1ea5p th\u00f4ng tin ch\u00ednh x\u00e1c, \u0111\u1ea7y \u0111\u1ee7 khi \u0111\u0103ng k\u00fd, li\u00ean h\u1ec7 ho\u1eb7c s\u1eed d\u1ee5ng d\u1ecbch v\u1ee5.<\/li>\n<li>Kh\u00f4ng \u0111\u01b0\u1ee3c:<\/li>\n<\/ol>\n<ul>\n<li style=\"list-style-type: none;\">\n<ul>\n<li>Vi ph\u1ea1m ph\u00e1p lu\u1eadt Vi\u1ec7t Nam v\u00e0 qu\u1ed1c t\u1ebf khi s\u1eed d\u1ee5ng website.<\/li>\n<li>Th\u1ef1c hi\u1ec7n h\u00e0nh vi x\u00e2m nh\u1eadp, g\u00e2y gi\u00e1n \u0111o\u1ea1n, t\u1ea5n c\u00f4ng, ph\u00e1t t\u00e1n virus, ph\u1ea7n m\u1ec1m \u0111\u1ed9c h\u1ea1i.<\/li>\n<li>S\u1eed d\u1ee5ng website \u0111\u1ec3 g\u1eedi spam, qu\u1ea3ng c\u00e1o tr\u00e1i ph\u00e9p ho\u1eb7c thu th\u1eadp d\u1eef li\u1ec7u c\u00e1 nh\u00e2n c\u1ee7a ng\u01b0\u1eddi kh\u00e1c.<\/li>\n<li>\u0110\u0103ng t\u1ea3i n\u1ed9i dung c\u00f3 t\u00ednh ch\u1ea5t x\u00fac ph\u1ea1m, b\u1ea1o l\u1ef1c, khi\u00eau d\u00e2m, ph\u00e2n bi\u1ec7t \u0111\u1ed1i x\u1eed ho\u1eb7c tr\u00e1i \u0111\u1ea1o \u0111\u1ee9c x\u00e3 h\u1ed9i.<\/li>\n<\/ul>\n<\/li>\n<\/ul>\n<h2>\u0110i\u1ec1u 4. Quy\u1ec1n v\u00e0 tr\u00e1ch nhi\u1ec7m c\u1ee7a C\u00f4ng ty<\/h2>\n<ol>\n<li>Cung c\u1ea5p th\u00f4ng tin, d\u1ecbch v\u1ee5 tr\u00ean c\u01a1 s\u1edf \u201cnguy\u00ean tr\u1ea1ng\u201d (as-is), kh\u00f4ng cam k\u1ebft tuy\u1ec7t \u0111\u1ed1i v\u1ec1 t\u00ednh ch\u00ednh x\u00e1c, \u0111\u1ea7y \u0111\u1ee7 ho\u1eb7c kh\u00f4ng l\u1ed7i k\u1ef9 thu\u1eadt.<\/li>\n<li>C\u00f3 quy\u1ec1n:<\/li>\n<\/ol>\n<ul>\n<li style=\"list-style-type: none;\">\n<ul>\n<li>Ch\u1ec9nh s\u1eeda, b\u1ed5 sung ho\u1eb7c ng\u1eebng cung c\u1ea5p m\u1ed9t ph\u1ea7n hay to\u00e0n b\u1ed9 website m\u00e0 kh\u00f4ng c\u1ea7n th\u00f4ng b\u00e1o tr\u01b0\u1edbc.<\/li>\n<li>T\u1ea1m ng\u1eebng ho\u1eb7c ch\u1ea5m d\u1ee9t quy\u1ec1n truy c\u1eadp c\u1ee7a Ng\u01b0\u1eddi d\u00f9ng n\u1ebfu ph\u00e1t hi\u1ec7n vi ph\u1ea1m \u0110i\u1ec1u kho\u1ea3n n\u00e0y.<\/li>\n<li>S\u1eeda \u0111\u1ed5i, c\u1eadp nh\u1eadt \u0110i\u1ec1u kho\u1ea3n b\u1ea5t k\u1ef3 l\u00fac n\u00e0o. Phi\u00ean b\u1ea3n c\u1eadp nh\u1eadt s\u1ebd c\u00f3 hi\u1ec7u l\u1ef1c k\u1ec3 t\u1eeb th\u1eddi \u0111i\u1ec3m \u0111\u0103ng t\u1ea3i.<\/li>\n<\/ul>\n<\/li>\n<\/ul>\n<h2>\u0110i\u1ec1u 5. Li\u00ean k\u1ebft v\u00e0 d\u1ecbch v\u1ee5 b\u00ean th\u1ee9 ba<\/h2>\n<p>Website c\u00f3 th\u1ec3 ch\u1ee9a li\u00ean k\u1ebft t\u1edbi website ho\u1eb7c d\u1ecbch v\u1ee5 c\u1ee7a b\u00ean th\u1ee9 ba. Ch\u00fang t\u00f4i kh\u00f4ng ch\u1ecbu tr\u00e1ch nhi\u1ec7m v\u1ec1 n\u1ed9i dung, ch\u00ednh s\u00e1ch ho\u1eb7c h\u00e0nh vi c\u1ee7a c\u00e1c b\u00ean th\u1ee9 ba n\u00e0y. Ng\u01b0\u1eddi d\u00f9ng t\u1ef1 ch\u1ecbu tr\u00e1ch nhi\u1ec7m khi truy c\u1eadp v\u00e0 s\u1eed d\u1ee5ng d\u1ecbch v\u1ee5 b\u00ean ngo\u00e0i.<\/p>\n<h2>\u0110i\u1ec1u 6. Gi\u1edbi h\u1ea1n tr\u00e1ch nhi\u1ec7m ph\u00e1p l\u00fd<\/h2>\n<ol>\n<li>C\u00f4ng ty kh\u00f4ng ch\u1ecbu tr\u00e1ch nhi\u1ec7m v\u1edbi b\u1ea5t k\u1ef3 thi\u1ec7t h\u1ea1i n\u00e0o ph\u00e1t sinh t\u1eeb vi\u1ec7c s\u1eed d\u1ee5ng ho\u1eb7c kh\u00f4ng th\u1ec3 s\u1eed d\u1ee5ng website.<\/li>\n<li>C\u00f4ng ty kh\u00f4ng ch\u1ecbu tr\u00e1ch nhi\u1ec7m \u0111\u1ed1i v\u1edbi c\u00e1c r\u1ee7i ro t\u1eeb s\u1ef1 c\u1ed1 k\u1ef9 thu\u1eadt, gi\u00e1n \u0111o\u1ea1n \u0111\u01b0\u1eddng truy\u1ec1n, ho\u1eb7c c\u00e1c s\u1ef1 ki\u1ec7n b\u1ea5t kh\u1ea3 kh\u00e1ng.<\/li>\n<\/ol>\n<h2>\u0110i\u1ec1u 7. B\u1ea3o m\u1eadt v\u00e0 quy\u1ec1n ri\u00eang t\u01b0<\/h2>\n<p>Vi\u1ec7c thu th\u1eadp, s\u1eed d\u1ee5ng, l\u01b0u tr\u1eef v\u00e0 b\u1ea3o v\u1ec7 d\u1eef li\u1ec7u c\u00e1 nh\u00e2n c\u1ee7a Ng\u01b0\u1eddi d\u00f9ng \u0111\u01b0\u1ee3c \u0111i\u1ec1u ch\u1ec9nh b\u1edfi Ch\u00ednh s\u00e1ch b\u1ea3o m\u1eadt ri\u00eang bi\u1ec7t \u0111\u01b0\u1ee3c c\u00f4ng b\u1ed1 tr\u00ean website.<\/p>\n<h2>\u0110i\u1ec1u 8. Lu\u1eadt \u00e1p d\u1ee5ng v\u00e0 gi\u1ea3i quy\u1ebft tranh ch\u1ea5p<\/h2>\n<ol>\n<li>\u0110i\u1ec1u kho\u1ea3n n\u00e0y \u0111\u01b0\u1ee3c \u0111i\u1ec1u ch\u1ec9nh b\u1edfi ph\u00e1p lu\u1eadt Vi\u1ec7t Nam.<\/li>\n<li>M\u1ecdi tranh ch\u1ea5p s\u1ebd \u0111\u01b0\u1ee3c gi\u1ea3i quy\u1ebft tr\u01b0\u1edbc h\u1ebft b\u1eb1ng th\u01b0\u01a1ng l\u01b0\u1ee3ng thi\u1ec7n ch\u00ed. N\u1ebfu kh\u00f4ng \u0111\u1ea1t \u0111\u01b0\u1ee3c th\u1ecfa thu\u1eadn, tranh ch\u1ea5p s\u1ebd \u0111\u01b0\u1ee3c \u0111\u01b0a ra T\u00f2a \u00e1n c\u00f3 th\u1ea9m quy\u1ec1n t\u1ea1i Vi\u1ec7t Nam.<\/li>\n<\/ol>\n<p>&#8212;<\/p>\n<p>N\u1ebfu b\u1ea1n c\u00f3 c\u00e2u h\u1ecfi, y\u00eau c\u1ea7u ho\u1eb7c khi\u1ebfu n\u1ea1i li\u00ean quan \u0111\u1ebfn \u0110i\u1ec1u kho\u1ea3n\/Ch\u00ednh s\u00e1ch n\u00e0y, vui l\u00f2ng li\u00ean h\u1ec7 v\u1edbi ch\u00fang t\u00f4i qua:<\/p>\n<ul>\n<li><strong>Ph\u1ea7n m\u1ec1m qu\u1ea3n tr\u1ecb nh\u00e2n l\u1ef1c &amp; nh\u00e2n t\u00e0i L\u1ea1c Vi\u1ec7t sureHCS \u2013 C\u00f4ng ty CPTH L\u1ea1c Vi\u1ec7t<\/strong><\/li>\n<li>\u0110\u1ecba ch\u1ec9: 23 Nguy\u1ec5n Th\u1ecb Hu\u1ef3nh, P. Ph\u00fa Nhu\u1eadn, TP. H\u1ed3 Ch\u00ed Minh<\/li>\n<li>Hotline: 0901 555 063<\/li>\n<li>Email:\u00a0surehcs@lacviet.com.vn<\/li>\n<li>Website:\u00a0<a href=\"https:\/\/www.surehcs.com\/en\/\">www.surehcs.com<\/a><\/li>\n<\/ul>\n<p>&nbsp;<\/p>","protected":false},"excerpt":{"rendered":"<p>&nbsp; \u0110I\u1ec0U KHO\u1ea2N S\u1eec D\u1ee4NG WEBSITE \u0110i\u1ec1u kho\u1ea3n s\u1eed d\u1ee5ng n\u00e0y (\u201c\u0110i\u1ec1u kho\u1ea3n\u201d) \u0111i\u1ec1u ch\u1ec9nh vi\u1ec7c truy c\u1eadp v\u00e0 s\u1eed d\u1ee5ng website do C\u00f4ng ty C\u1ed5 ph\u1ea7n Tin H\u1ecdc L\u1ea1c Vi\u1ec7t (\u201cC\u00f4ng ty\u201d, \u201cch\u00fang t\u00f4i\u201d) s\u1edf h\u1eefu v\u00e0 v\u1eadn h\u00e0nh. Khi truy c\u1eadp ho\u1eb7c s\u1eed d\u1ee5ng website, ng\u01b0\u1eddi d\u00f9ng (\u201cB\u1ea1n\u201d, \u201cNg\u01b0\u1eddi d\u00f9ng\u201d) \u0111\u01b0\u1ee3c xem l\u00e0 [&hellip;]<\/p>\n","protected":false},"author":5,"featured_media":0,"parent":0,"menu_order":0,"comment_status":"closed","ping_status":"closed","template":"","meta":{"footnotes":""},"class_list":["post-25001","page","type-page","status-publish","hentry"],"_links":{"self":[{"href":"https:\/\/www.surehcs.com\/en\/wp-json\/wp\/v2\/pages\/25001","targetHints":{"allow":["GET"]}}],"collection":[{"href":"https:\/\/www.surehcs.com\/en\/wp-json\/wp\/v2\/pages"}],"about":[{"href":"https:\/\/www.surehcs.com\/en\/wp-json\/wp\/v2\/types\/page"}],"author":[{"embeddable":true,"href":"https:\/\/www.surehcs.com\/en\/wp-json\/wp\/v2\/users\/5"}],"replies":[{"embeddable":true,"href":"https:\/\/www.surehcs.com\/en\/wp-json\/wp\/v2\/comments?post=25001"}],"version-history":[{"count":8,"href":"https:\/\/www.surehcs.com\/en\/wp-json\/wp\/v2\/pages\/25001\/revisions"}],"predecessor-version":[{"id":25014,"href":"https:\/\/www.surehcs.com\/en\/wp-json\/wp\/v2\/pages\/25001\/revisions\/25014"}],"wp:attachment":[{"href":"https:\/\/www.surehcs.com\/en\/wp-json\/wp\/v2\/media?parent=25001"}],"curies":[{"name":"wp","href":"https:\/\/api.w.org\/{rel}","templated":true}]}}