{"id":25009,"date":"2025-09-05T09:49:54","date_gmt":"2025-09-05T02:49:54","guid":{"rendered":"https:\/\/www.surehcs.com\/?page_id=25009"},"modified":"2025-09-05T09:53:09","modified_gmt":"2025-09-05T02:53:09","slug":"chinh-sach-cookie","status":"publish","type":"page","link":"https:\/\/www.surehcs.com\/en\/chinh-sach-cookie\/","title":{"rendered":"Cookie policy"},"content":{"rendered":"<p style=\"text-align: center;\"><span style=\"font-size: 24pt;\"><strong>CH\u00cdNH S\u00c1CH COOKIE<\/strong><\/span><\/p>\n<p style=\"text-align: justify;\">Ch\u00ednh s\u00e1ch n\u00e0y gi\u1ea3i th\u00edch c\u00e1ch C\u00f4ng ty s\u1eed d\u1ee5ng cookie v\u00e0 c\u00f4ng ngh\u1ec7 t\u01b0\u01a1ng t\u1ef1 \u0111\u1ec3 n\u00e2ng cao tr\u1ea3i nghi\u1ec7m c\u1ee7a b\u1ea1n khi truy c\u1eadp website.<\/p>\n<h2 style=\"text-align: justify;\">\u0110i\u1ec1u 1. Cookie l\u00e0 g\u00ec?<\/h2>\n<p style=\"text-align: justify;\">Cookie l\u00e0 nh\u1eefng t\u1ec7p d\u1eef li\u1ec7u nh\u1ecf \u0111\u01b0\u1ee3c l\u01b0u tr\u1eef tr\u00ean thi\u1ebft b\u1ecb c\u1ee7a b\u1ea1n (m\u00e1y t\u00ednh, \u0111i\u1ec7n tho\u1ea1i, m\u00e1y t\u00ednh b\u1ea3ng) khi b\u1ea1n truy c\u1eadp website. Cookie cho ph\u00e9p website ghi nh\u1edb c\u00e1c h\u00e0nh \u0111\u1ed9ng v\u00e0 t\u00f9y ch\u1ecdn c\u1ee7a b\u1ea1n (v\u00ed d\u1ee5: ng\u00f4n ng\u1eef, th\u00f4ng tin \u0111\u0103ng nh\u1eadp, s\u1ea3n ph\u1ea9m \u0111\u00e3 xem).<\/p>\n<h2 style=\"text-align: justify;\">\u0110i\u1ec1u 2. C\u00e1c lo\u1ea1i cookie ch\u00fang t\u00f4i s\u1eed d\u1ee5ng<\/h2>\n<ul>\n<li style=\"text-align: justify;\">Cookie c\u1ea7n thi\u1ebft: \u0111\u1ea3m b\u1ea3o c\u00e1c ch\u1ee9c n\u0103ng c\u01a1 b\u1ea3n c\u1ee7a website, v\u00ed d\u1ee5: duy tr\u00ec phi\u00ean \u0111\u0103ng nh\u1eadp.<\/li>\n<li style=\"text-align: justify;\">Cookie hi\u1ec7u su\u1ea5t &amp; ph\u00e2n t\u00edch: thu th\u1eadp d\u1eef li\u1ec7u \u1ea9n danh \u0111\u1ec3 \u0111\u00e1nh gi\u00e1 c\u00e1ch ng\u01b0\u1eddi d\u00f9ng truy c\u1eadp v\u00e0 t\u01b0\u01a1ng t\u00e1c v\u1edbi website, t\u1eeb \u0111\u00f3 t\u1ed1i \u01b0u hi\u1ec7u su\u1ea5t.<\/li>\n<li style=\"text-align: justify;\">Cookie ch\u1ee9c n\u0103ng: ghi nh\u1edb l\u1ef1a ch\u1ecdn c\u00e1 nh\u00e2n nh\u01b0 ng\u00f4n ng\u1eef, v\u00f9ng mi\u1ec1n, t\u00f9y ch\u1ec9nh hi\u1ec3n th\u1ecb.<\/li>\n<li style=\"text-align: justify;\">Cookie qu\u1ea3ng c\u00e1o &amp; ti\u1ebfp th\u1ecb: gi\u00fap hi\u1ec3n th\u1ecb n\u1ed9i dung, qu\u1ea3ng c\u00e1o ph\u00f9 h\u1ee3p h\u01a1n v\u1edbi h\u00e0nh vi v\u00e0 s\u1edf th\u00edch c\u1ee7a b\u1ea1n.<\/li>\n<\/ul>\n<h2 style=\"text-align: justify;\">\u0110i\u1ec1u 3. Cookie c\u1ee7a b\u00ean th\u1ee9 ba<\/h2>\n<p style=\"text-align: justify;\">Website c\u00f3 th\u1ec3 s\u1eed d\u1ee5ng cookie c\u1ee7a c\u00e1c \u0111\u1ed1i t\u00e1c nh\u01b0 Google Analytics, Facebook Pixel \u0111\u1ec3 ph\u00e2n t\u00edch l\u01b0u l\u01b0\u1ee3ng truy c\u1eadp ho\u1eb7c ph\u1ee5c v\u1ee5 qu\u1ea3ng c\u00e1o. C\u00e1c \u0111\u1ed1i t\u00e1c n\u00e0y c\u00f3 ch\u00ednh s\u00e1ch cookie v\u00e0 b\u1ea3o m\u1eadt ri\u00eang, ch\u00fang t\u00f4i kh\u00f4ng ki\u1ec3m so\u00e1t tr\u1ef1c ti\u1ebfp.<\/p>\n<h2 style=\"text-align: justify;\">\u0110i\u1ec1u 4. Qu\u1ea3n l\u00fd cookie<\/h2>\n<p style=\"text-align: justify;\">B\u1ea1n c\u00f3 th\u1ec3 ch\u1ea5p nh\u1eadn ho\u1eb7c t\u1eeb ch\u1ed1i cookie b\u1ea5t k\u1ef3 l\u00fac n\u00e0o th\u00f4ng qua c\u00e0i \u0111\u1eb7t tr\u00ecnh duy\u1ec7t.<\/p>\n<p style=\"text-align: justify;\">M\u1ed9t s\u1ed1 v\u00ed d\u1ee5:<\/p>\n<ul>\n<li style=\"text-align: justify;\">Chrome: C\u00e0i \u0111\u1eb7t &gt; Quy\u1ec1n ri\u00eang t\u01b0 &amp; B\u1ea3o m\u1eadt &gt; Cookie.<\/li>\n<li style=\"text-align: justify;\">Safari: T\u00f9y ch\u1ecdn &gt; Quy\u1ec1n ri\u00eang t\u01b0 &gt; Qu\u1ea3n l\u00fd cookie.<\/li>\n<li style=\"text-align: justify;\">Edge\/Firefox: C\u00e0i \u0111\u1eb7t &gt; Quy\u1ec1n ri\u00eang t\u01b0 &gt; Cookie.<\/li>\n<\/ul>\n<p style=\"text-align: justify;\">L\u01b0u \u00fd: n\u1ebfu b\u1ea1n t\u1eaft cookie, m\u1ed9t s\u1ed1 t\u00ednh n\u0103ng c\u1ee7a website c\u00f3 th\u1ec3 kh\u00f4ng ho\u1ea1t \u0111\u1ed9ng \u0111\u1ea7y \u0111\u1ee7.<\/p>\n<h2 style=\"text-align: justify;\">\u0110i\u1ec1u 5. Th\u1eddi gian l\u01b0u tr\u1eef cookie<\/h2>\n<p style=\"text-align: justify;\">Cookie c\u00f3 th\u1ec3 t\u1ed3n t\u1ea1i trong phi\u00ean duy\u1ec7t (x\u00f3a khi b\u1ea1n \u0111\u00f3ng tr\u00ecnh duy\u1ec7t) ho\u1eb7c l\u00e2u d\u00e0i h\u01a1n (l\u01b0u l\u1ea1i trong thi\u1ebft b\u1ecb cho \u0111\u1ebfn khi b\u1ea1n x\u00f3a th\u1ee7 c\u00f4ng ho\u1eb7c cookie h\u1ebft h\u1ea1n).<\/p>\n<h2 style=\"text-align: justify;\">\u0110i\u1ec1u 6. C\u1eadp nh\u1eadt ch\u00ednh s\u00e1ch cookie<\/h2>\n<p style=\"text-align: justify;\">Ch\u00fang t\u00f4i c\u00f3 th\u1ec3 thay \u0111\u1ed5i ch\u00ednh s\u00e1ch n\u00e0y theo th\u1eddi gian. Phi\u00ean b\u1ea3n m\u1edbi s\u1ebd \u0111\u01b0\u1ee3c \u0111\u0103ng t\u1ea3i c\u00f4ng khai tr\u00ean website k\u00e8m ng\u00e0y hi\u1ec7u l\u1ef1c.<\/p>\n<p>&#8212;<\/p>\n<p>N\u1ebfu b\u1ea1n c\u00f3 c\u00e2u h\u1ecfi, y\u00eau c\u1ea7u ho\u1eb7c khi\u1ebfu n\u1ea1i li\u00ean quan \u0111\u1ebfn \u0110i\u1ec1u kho\u1ea3n\/Ch\u00ednh s\u00e1ch n\u00e0y, vui l\u00f2ng li\u00ean h\u1ec7 v\u1edbi ch\u00fang t\u00f4i qua:<\/p>\n<ul>\n<li><strong>Ph\u1ea7n m\u1ec1m qu\u1ea3n tr\u1ecb nh\u00e2n l\u1ef1c &amp; nh\u00e2n t\u00e0i L\u1ea1c Vi\u1ec7t sureHCS \u2013 C\u00f4ng ty CPTH L\u1ea1c Vi\u1ec7t<\/strong><\/li>\n<li>\u0110\u1ecba ch\u1ec9: 23 Nguy\u1ec5n Th\u1ecb Hu\u1ef3nh, P. Ph\u00fa Nhu\u1eadn, TP. H\u1ed3 Ch\u00ed Minh<\/li>\n<li>Hotline: 0901 555 063<\/li>\n<li>Email:\u00a0surehcs@lacviet.com.vn<\/li>\n<li>Website:\u00a0<a href=\"https:\/\/www.surehcs.com\/en\/\">www.surehcs.com<\/a><\/li>\n<\/ul>\n<p>&nbsp;<\/p>","protected":false},"excerpt":{"rendered":"<p>CH\u00cdNH S\u00c1CH COOKIE Ch\u00ednh s\u00e1ch n\u00e0y gi\u1ea3i th\u00edch c\u00e1ch C\u00f4ng ty s\u1eed d\u1ee5ng cookie v\u00e0 c\u00f4ng ngh\u1ec7 t\u01b0\u01a1ng t\u1ef1 \u0111\u1ec3 n\u00e2ng cao tr\u1ea3i nghi\u1ec7m c\u1ee7a b\u1ea1n khi truy c\u1eadp website. \u0110i\u1ec1u 1. Cookie l\u00e0 g\u00ec? Cookie l\u00e0 nh\u1eefng t\u1ec7p d\u1eef li\u1ec7u nh\u1ecf \u0111\u01b0\u1ee3c l\u01b0u tr\u1eef tr\u00ean thi\u1ebft b\u1ecb c\u1ee7a b\u1ea1n (m\u00e1y t\u00ednh, \u0111i\u1ec7n tho\u1ea1i, m\u00e1y [&hellip;]<\/p>\n","protected":false},"author":5,"featured_media":0,"parent":0,"menu_order":0,"comment_status":"closed","ping_status":"closed","template":"","meta":{"footnotes":""},"class_list":["post-25009","page","type-page","status-publish","hentry"],"_links":{"self":[{"href":"https:\/\/www.surehcs.com\/en\/wp-json\/wp\/v2\/pages\/25009","targetHints":{"allow":["GET"]}}],"collection":[{"href":"https:\/\/www.surehcs.com\/en\/wp-json\/wp\/v2\/pages"}],"about":[{"href":"https:\/\/www.surehcs.com\/en\/wp-json\/wp\/v2\/types\/page"}],"author":[{"embeddable":true,"href":"https:\/\/www.surehcs.com\/en\/wp-json\/wp\/v2\/users\/5"}],"replies":[{"embeddable":true,"href":"https:\/\/www.surehcs.com\/en\/wp-json\/wp\/v2\/comments?post=25009"}],"version-history":[{"count":7,"href":"https:\/\/www.surehcs.com\/en\/wp-json\/wp\/v2\/pages\/25009\/revisions"}],"predecessor-version":[{"id":25018,"href":"https:\/\/www.surehcs.com\/en\/wp-json\/wp\/v2\/pages\/25009\/revisions\/25018"}],"wp:attachment":[{"href":"https:\/\/www.surehcs.com\/en\/wp-json\/wp\/v2\/media?parent=25009"}],"curies":[{"name":"wp","href":"https:\/\/api.w.org\/{rel}","templated":true}]}}