{"id":25022,"date":"2025-09-05T10:21:33","date_gmt":"2025-09-05T03:21:33","guid":{"rendered":"https:\/\/www.surehcs.com\/?page_id=25022"},"modified":"2025-09-05T10:21:33","modified_gmt":"2025-09-05T03:21:33","slug":"bien-tap-kiem-duyet-noi-dung","status":"publish","type":"page","link":"https:\/\/www.surehcs.com\/en\/bien-tap-kiem-duyet-noi-dung\/","title":{"rendered":"Editor \u2013 censored content"},"content":{"rendered":"<p style=\"text-align: center;\"><span style=\"font-size: 24pt;\"><strong>BI\u00caN T\u1eacP &#8211; KI\u1ec2M DUY\u1ec6T N\u1ed8I DUNG<\/strong><\/span><\/p>\n<p style=\"text-align: justify;\">T\u1ea1i L\u1ea1c Vi\u1ec7t, ch\u00fang t\u00f4i tin r\u1eb1ng n\u1ed9i dung kh\u00f4ng ch\u1ec9 l\u00e0 th\u00f4ng tin m\u00e0 c\u00f2n l\u00e0 gi\u1ea3i ph\u00e1p, tri th\u1ee9c v\u00e0 s\u1ef1 \u0111\u1ed3ng h\u00e0nh c\u00f9ng doanh nghi\u1ec7p trong h\u00e0nh tr\u00ecnh chuy\u1ec3n \u0111\u1ed5i s\u1ed1 v\u00e0 ph\u00e1t tri\u1ec3n b\u1ec1n v\u1eefng. V\u00ec v\u1eady, m\u1ed7i b\u00e0i vi\u1ebft, t\u00e0i li\u1ec7u hay b\u00e1o c\u00e1o \u0111\u01b0\u1ee3c \u0111\u0103ng t\u1ea3i tr\u00ean website \u0111\u1ec1u \u0111\u01b0\u1ee3c bi\u00ean t\u1eadp theo m\u1ed9t quy tr\u00ecnh nghi\u00eam ng\u1eb7t, khoa h\u1ecdc v\u00e0 minh b\u1ea1ch nh\u1eb1m mang \u0111\u1ebfn cho kh\u00e1ch h\u00e0ng ngu\u1ed3n th\u00f4ng tin ch\u00ednh x\u00e1c \u2013 h\u1eefu \u00edch \u2013 d\u1ec5 \u00e1p d\u1ee5ng.<\/p>\n<h2>Quy tr\u00ecnh bi\u00ean t\u1eadp \u2013 ki\u1ec3m duy\u1ec7t n\u1ed9i dung<\/h2>\n<p style=\"text-align: justify;\">D\u01b0\u1edbi \u0111\u00e2y l\u00e0 quy tr\u00ecnh bi\u00ean t\u1eadp n\u1ed9i dung c\u1ee7a L\u1ea1c Vi\u1ec7t:<\/p>\n<h3 style=\"text-align: justify;\">1. X\u00e1c \u0111\u1ecbnh nhu c\u1ea7u &amp; \u0111\u1ecbnh h\u01b0\u1edbng n\u1ed9i dung<\/h3>\n<ul>\n<li style=\"text-align: justify;\">Nghi\u00ean c\u1ee9u th\u1ecb tr\u01b0\u1eddng &amp; kh\u00e1ch h\u00e0ng: T\u00ecm hi\u1ec3u xu h\u01b0\u1edbng c\u00f4ng ngh\u1ec7, qu\u1ea3n tr\u1ecb doanh nghi\u1ec7p, t\u00e0i ch\u00ednh k\u1ebf to\u00e1n,&#8230; c\u0169ng nh\u01b0 nhu c\u1ea7u th\u1ef1c t\u1ebf c\u1ee7a t\u1eebng nh\u00f3m kh\u00e1ch h\u00e0ng.<\/li>\n<li style=\"text-align: justify;\">X\u00e1c \u0111\u1ecbnh m\u1ee5c ti\u00eau: N\u1ed9i dung c\u00f3 th\u1ec3 l\u00e0 h\u01b0\u1edbng d\u1eabn s\u1eed d\u1ee5ng, ph\u00e2n t\u00edch gi\u1ea3i ph\u00e1p, chia s\u1ebb ki\u1ebfn th\u1ee9c qu\u1ea3n tr\u1ecb, ho\u1eb7c c\u1eadp nh\u1eadt ch\u00ednh s\u00e1ch ph\u00e1p l\u00fd, c\u00f4ng ngh\u1ec7.<\/li>\n<li style=\"text-align: justify;\">\u0110\u1ecbnh h\u01b0\u1edbng gi\u1ecdng v\u0103n: Th\u00e2n thi\u1ec7n, r\u00f5 r\u00e0ng, chuy\u00ean nghi\u1ec7p v\u00e0 g\u1ea7n g\u0169i v\u1edbi c\u1ed9ng \u0111\u1ed3ng doanh nghi\u1ec7p Vi\u1ec7t.<\/li>\n<\/ul>\n<h3 style=\"text-align: justify;\">2. L\u00ean k\u1ebf ho\u1ea1ch &amp; b\u1ed9 ti\u00eau ch\u00ed ch\u1ea5t l\u01b0\u1ee3ng<\/h3>\n<p style=\"text-align: justify;\">Ch\u00fang t\u00f4i x\u00e2y d\u1ef1ng k\u1ebf ho\u1ea1ch bi\u00ean t\u1eadp chi ti\u1ebft, bao g\u1ed3m:<\/p>\n<ul>\n<li style=\"text-align: justify;\">L\u1ecbch \u0111\u0103ng t\u1ea3i: \u0110\u1ea3m b\u1ea3o t\u00ednh th\u01b0\u1eddng xuy\u00ean v\u00e0 c\u1eadp nh\u1eadt.<\/li>\n<li style=\"text-align: justify;\">Ti\u00eau ch\u00ed \u0111\u00e1nh gi\u00e1:\n<ul>\n<li style=\"text-align: justify;\">T\u00ednh ch\u00ednh x\u00e1c: D\u1ef1a tr\u00ean s\u1ed1 li\u1ec7u, ngu\u1ed3n tin c\u1eady v\u00e0 chuy\u00ean gia trong ng\u00e0nh.<\/li>\n<li style=\"text-align: justify;\">T\u00ednh h\u1eefu \u00edch: C\u00f3 kh\u1ea3 n\u0103ng \u00e1p d\u1ee5ng th\u1ef1c t\u1ebf trong qu\u1ea3n l\u00fd, \u0111i\u1ec1u h\u00e0nh, b\u00e1n h\u00e0ng, ho\u1eb7c v\u1eadn h\u00e0nh doanh nghi\u1ec7p.<\/li>\n<li style=\"text-align: justify;\">T\u00ednh minh b\u1ea1ch: Th\u00f4ng tin r\u00f5 r\u00e0ng, kh\u00f4ng g\u00e2y hi\u1ec3u l\u1ea7m, kh\u00f4ng \u201cth\u1ed5i ph\u1ed3ng\u201d s\u1ea3n ph\u1ea9m.<\/li>\n<li style=\"text-align: justify;\">T\u00ednh d\u1ec5 ti\u1ebfp c\u1eadn: B\u1ed1 c\u1ee5c logic, ng\u00f4n ng\u1eef \u0111\u01a1n gi\u1ea3n, c\u00f3 v\u00ed d\u1ee5 minh h\u1ecda.<\/li>\n<\/ul>\n<\/li>\n<\/ul>\n<h3 style=\"text-align: justify;\">3. S\u1ea3n xu\u1ea5t n\u1ed9i dung<\/h3>\n<ul>\n<li style=\"text-align: justify;\">S\u00e1ng t\u1ea1o n\u1ed9i dung: \u0110\u1ed9i ng\u0169 bi\u00ean t\u1eadp vi\u00ean v\u00e0 chuy\u00ean gia c\u00f4ng ngh\u1ec7\/kinh doanh ph\u1ed1i h\u1ee3p \u0111\u1ec3 \u0111\u1ea3m b\u1ea3o n\u1ed9i dung v\u1eeba chuy\u00ean s\u00e2u v\u1eeba d\u1ec5 hi\u1ec3u.<\/li>\n<li style=\"text-align: justify;\">\u0110\u1ecbnh d\u1ea1ng khoa h\u1ecdc: S\u1eed d\u1ee5ng ti\u00eau \u0111\u1ec1, heading, bullet, h\u00ecnh \u1ea3nh\/infographic, video \u0111\u1ec3 h\u1ed7 tr\u1ee3 ng\u01b0\u1eddi \u0111\u1ecdc.<\/li>\n<li style=\"text-align: justify;\">T\u1ed1i \u01b0u SEO &amp; kh\u1ea3 n\u0103ng t\u00ecm ki\u1ebfm: \u0110\u1ea3m b\u1ea3o n\u1ed9i dung c\u00f3 th\u1ec3 ti\u1ebfp c\u1eadn \u0111\u00fang \u0111\u1ed1i t\u01b0\u1ee3ng tr\u00ean Google v\u00e0 c\u00e1c n\u1ec1n t\u1ea3ng kh\u00e1c.<\/li>\n<\/ul>\n<h3 style=\"text-align: justify;\">4. Ki\u1ec3m duy\u1ec7t &amp; ch\u1ec9nh s\u1eeda<\/h3>\n<ul>\n<li style=\"text-align: justify;\">R\u00e0 so\u00e1t ng\u00f4n ng\u1eef: Ki\u1ec3m tra ch\u00ednh t\u1ea3, ng\u1eef ph\u00e1p, phong c\u00e1ch di\u1ec5n \u0111\u1ea1t.<\/li>\n<li style=\"text-align: justify;\">Ki\u1ec3m duy\u1ec7t chuy\u00ean m\u00f4n: C\u00e1c chuy\u00ean gia trong l\u0129nh v\u1ef1c c\u00f4ng ngh\u1ec7, ERP, qu\u1ea3n tr\u1ecb t\u00e0i ch\u00ednh\u2026 ki\u1ec3m tra n\u1ed9i dung \u0111\u1ec3 \u0111\u1ea3m b\u1ea3o t\u00ednh ch\u00ednh x\u00e1c v\u00e0 ph\u00f9 h\u1ee3p th\u1ef1c ti\u1ec5n.<\/li>\n<li style=\"text-align: justify;\">Ch\u1ec9nh s\u1eeda &amp; t\u1ed1i \u01b0u: \u0110i\u1ec1u ch\u1ec9nh l\u1ea1i theo chu\u1ea9n th\u01b0\u01a1ng hi\u1ec7u L\u1ea1c Vi\u1ec7t v\u00e0 theo ph\u1ea3n h\u1ed3i n\u1ed9i b\u1ed9.<\/li>\n<\/ul>\n<h3 style=\"text-align: justify;\">5. Xu\u1ea5t b\u1ea3n n\u1ed9i dung<\/h3>\n<p style=\"text-align: justify;\">N\u1ed9i dung \u0111\u01b0\u1ee3c tr\u00ecnh b\u00e0y tr\u1ef1c quan, d\u1ec5 \u0111\u1ecdc tr\u00ean m\u1ecdi thi\u1ebft b\u1ecb. \u0110\u1ed3ng th\u1eddi, 1 s\u1ed1 n\u1ed9i dung c\u00f3 th\u1ec3 \u0111\u01b0\u1ee3c chia s\u1ebb qua email, m\u1ea1ng x\u00e3 h\u1ed9i, b\u1ea3n tin n\u1ed9i b\u1ed9, h\u1ed9i th\u1ea3o tr\u1ef1c tuy\u1ebfn\u2026 \u0111\u1ec3 ti\u1ebfp c\u1eadn nhi\u1ec1u \u0111\u1ed1i t\u01b0\u1ee3ng h\u01a1n.<\/p>\n<p style=\"text-align: justify;\">\u0110\u1ed9i ng\u0169 L\u1ea1c Vi\u1ec7t s\u1ebd lu\u00f4n ghi nh\u1eadn \u00fd ki\u1ebfn ng\u01b0\u1eddi \u0111\u1ecdc \u0111\u1ec3 ti\u1ebfp t\u1ee5c c\u1ea3i thi\u1ec7n n\u1ed9i dung.<\/p>\n<h3 style=\"text-align: justify;\">6. C\u1ea3i thi\u1ec7n n\u1ed9i dung<\/h3>\n<p style=\"text-align: justify;\">\u0110\u1ecbnh k\u1ef3 \u0111\u00e1nh gi\u00e1 hi\u1ec7u qu\u1ea3 b\u00e0i vi\u1ebft th\u00f4ng qua l\u01b0\u1ee3t \u0111\u1ecdc, th\u1eddi gian truy c\u1eadp, v\u00e0 ph\u1ea3n h\u1ed3i t\u1eeb kh\u00e1ch h\u00e0ng. \u0110i\u1ec1u ch\u1ec9nh khi c\u00f3 thay \u0111\u1ed5i v\u1ec1 ph\u00e1p lu\u1eadt, c\u00f4ng ngh\u1ec7, ho\u1eb7c quy tr\u00ecnh qu\u1ea3n tr\u1ecb.<\/p>\n<p style=\"text-align: justify;\">\u1ee8ng d\u1ee5ng c\u00f4ng ngh\u1ec7 AI v\u00e0 c\u00e1c c\u00f4ng c\u1ee5 ph\u00e2n t\u00edch d\u1eef li\u1ec7u, nh\u01b0ng lu\u00f4n c\u00f3 \u0111\u1ed9i ng\u0169 bi\u00ean t\u1eadp vi\u00ean x\u00e1c minh \u0111\u1ec3 \u0111\u1ea3m b\u1ea3o t\u00ednh ch\u00ednh x\u00e1c v\u00e0 nh\u00e2n v\u0103n trong t\u1eebng n\u1ed9i dung. <a href=\"https:\/\/www.surehcs.com\/en\/doi-ngu-chuyen-gia\/\">Xem \u0111\u1ed9i ng\u0169 t\u00e1c gi\u1ea3 c\u1ee7a ch\u00fang t\u00f4i \u00bb<\/a><\/p>\n<h2 id=\"3-Doi-ngu-bien-tap-vien-chuyen-nghiep\">Cam k\u1ebft c\u1ee7a L\u1ea1c Vi\u1ec7t<\/h2>\n<p style=\"text-align: justify;\">T\u1ea1i L\u1ea1c Vi\u1ec7t, ch\u00fang t\u00f4i kh\u00f4ng ch\u1ec9 xu\u1ea5t b\u1ea3n n\u1ed9i dung \u0111\u1ec3 cung c\u1ea5p th\u00f4ng tin, m\u00e0 c\u00f2n:<\/p>\n<ul style=\"text-align: justify;\">\n<li>Cam k\u1ebft t\u00ednh ch\u00ednh x\u00e1c: M\u1ecdi th\u00f4ng tin \u0111\u0103ng t\u1ea3i \u0111\u1ec1u \u0111\u01b0\u1ee3c ki\u1ec3m ch\u1ee9ng b\u1edfi \u0111\u1ed9i ng\u0169 chuy\u00ean gia c\u00f4ng ngh\u1ec7, qu\u1ea3n tr\u1ecb v\u00e0 ph\u00e1p l\u00fd. Ch\u00fang t\u00f4i kh\u00f4ng \u0111\u0103ng t\u1ea3i tin \u0111\u1ed3n, n\u1ed9i dung thi\u1ebfu ngu\u1ed3n g\u1ed1c hay d\u1ec5 g\u00e2y hi\u1ec3u l\u1ea7m.<\/li>\n<li>Cam k\u1ebft t\u00ednh minh b\u1ea1ch: N\u1ed9i dung \u0111\u01b0\u1ee3c tr\u00ecnh b\u00e0y r\u00f5 r\u00e0ng, kh\u00f4ng che gi\u1ea5u, kh\u00f4ng \u201cth\u1ed5i ph\u1ed3ng\u201d hay g\u00e2y hi\u1ec3u sai v\u1ec1 s\u1ea3n ph\u1ea9m\/d\u1ecbch v\u1ee5.<\/li>\n<li>Cam k\u1ebft t\u00ednh h\u1eefu \u00edch: T\u1ea5t c\u1ea3 b\u00e0i vi\u1ebft \u0111\u1ec1u h\u01b0\u1edbng \u0111\u1ebfn vi\u1ec7c mang l\u1ea1i gi\u00e1 tr\u1ecb th\u1ef1c t\u1ebf cho doanh nghi\u1ec7p \u2013 c\u00f3 th\u1ec3 \u00e1p d\u1ee5ng \u0111\u01b0\u1ee3c trong v\u1eadn h\u00e0nh, qu\u1ea3n tr\u1ecb v\u00e0 ra quy\u1ebft \u0111\u1ecbnh.<\/li>\n<li>Cam k\u1ebft c\u1eadp nh\u1eadt th\u01b0\u1eddng xuy\u00ean: N\u1ed9i dung s\u1ebd \u0111\u01b0\u1ee3c r\u00e0 so\u00e1t v\u00e0 \u0111i\u1ec1u ch\u1ec9nh khi c\u00f3 thay \u0111\u1ed5i v\u1ec1 c\u00f4ng ngh\u1ec7, ch\u00ednh s\u00e1ch ho\u1eb7c xu h\u01b0\u1edbng th\u1ecb tr\u01b0\u1eddng.<\/li>\n<li>Cam k\u1ebft tr\u00e1ch nhi\u1ec7m x\u00e3 h\u1ed9i: Ch\u00fang t\u00f4i \u0111\u1ec1 cao c\u00e1c gi\u00e1 tr\u1ecb ph\u00e1t tri\u1ec3n b\u1ec1n v\u1eefng, chuy\u1ec3n \u0111\u1ed5i xanh v\u00e0 \u1ee9ng d\u1ee5ng c\u00f4ng ngh\u1ec7 m\u1ed9t c\u00e1ch nh\u00e2n v\u0103n.<\/li>\n<li>Cam k\u1ebft \u0111\u1ed3ng h\u00e0nh c\u00f9ng kh\u00e1ch h\u00e0ng: N\u1ed9i dung kh\u00f4ng ch\u1ec9 mang t\u00ednh tham kh\u1ea3o m\u00e0 c\u00f2n l\u00e0 s\u1ef1 \u0111\u1ed3ng h\u00e0nh, nh\u1eb1m gi\u00fap doanh nghi\u1ec7p Vi\u1ec7t Nam ti\u1ebfn xa h\u01a1n tr\u00ean con \u0111\u01b0\u1eddng chuy\u1ec3n \u0111\u1ed5i s\u1ed1.<\/li>\n<\/ul>\n<p style=\"text-align: justify;\">Ch\u00fang t\u00f4i tin r\u1eb1ng tri th\u1ee9c chu\u1ea9n x\u00e1c v\u00e0 minh b\u1ea1ch ch\u00ednh l\u00e0 n\u1ec1n t\u1ea3ng \u0111\u1ec3 doanh nghi\u1ec7p Vi\u1ec7t ph\u00e1t tri\u1ec3n b\u1ec1n v\u1eefng.<\/p>\n<p>&nbsp;<\/p>","protected":false},"excerpt":{"rendered":"<p>BI\u00caN T\u1eacP &#8211; KI\u1ec2M DUY\u1ec6T N\u1ed8I DUNG T\u1ea1i L\u1ea1c Vi\u1ec7t, ch\u00fang t\u00f4i tin r\u1eb1ng n\u1ed9i dung kh\u00f4ng ch\u1ec9 l\u00e0 th\u00f4ng tin m\u00e0 c\u00f2n l\u00e0 gi\u1ea3i ph\u00e1p, tri th\u1ee9c v\u00e0 s\u1ef1 \u0111\u1ed3ng h\u00e0nh c\u00f9ng doanh nghi\u1ec7p trong h\u00e0nh tr\u00ecnh chuy\u1ec3n \u0111\u1ed5i s\u1ed1 v\u00e0 ph\u00e1t tri\u1ec3n b\u1ec1n v\u1eefng. V\u00ec v\u1eady, m\u1ed7i b\u00e0i vi\u1ebft, t\u00e0i li\u1ec7u hay b\u00e1o [&hellip;]<\/p>\n","protected":false},"author":5,"featured_media":0,"parent":0,"menu_order":0,"comment_status":"closed","ping_status":"closed","template":"","meta":{"footnotes":""},"class_list":["post-25022","page","type-page","status-publish","hentry"],"_links":{"self":[{"href":"https:\/\/www.surehcs.com\/en\/wp-json\/wp\/v2\/pages\/25022","targetHints":{"allow":["GET"]}}],"collection":[{"href":"https:\/\/www.surehcs.com\/en\/wp-json\/wp\/v2\/pages"}],"about":[{"href":"https:\/\/www.surehcs.com\/en\/wp-json\/wp\/v2\/types\/page"}],"author":[{"embeddable":true,"href":"https:\/\/www.surehcs.com\/en\/wp-json\/wp\/v2\/users\/5"}],"replies":[{"embeddable":true,"href":"https:\/\/www.surehcs.com\/en\/wp-json\/wp\/v2\/comments?post=25022"}],"version-history":[{"count":2,"href":"https:\/\/www.surehcs.com\/en\/wp-json\/wp\/v2\/pages\/25022\/revisions"}],"predecessor-version":[{"id":25025,"href":"https:\/\/www.surehcs.com\/en\/wp-json\/wp\/v2\/pages\/25022\/revisions\/25025"}],"wp:attachment":[{"href":"https:\/\/www.surehcs.com\/en\/wp-json\/wp\/v2\/media?parent=25022"}],"curies":[{"name":"wp","href":"https:\/\/api.w.org\/{rel}","templated":true}]}}