{"id":2945,"date":"2022-09-23T07:07:25","date_gmt":"2022-09-23T07:07:25","guid":{"rendered":"https:\/\/demo.surehcs.com\/?page_id=2945"},"modified":"2025-07-31T15:01:57","modified_gmt":"2025-07-31T08:01:57","slug":"lien-he","status":"publish","type":"page","link":"https:\/\/www.surehcs.com\/en\/lien-he\/","title":{"rendered":"Contact"},"content":{"rendered":"\t\t<div data-elementor-type=\"wp-page\" data-elementor-id=\"2945\" class=\"elementor elementor-2945\">\n\t\t\t\t\t\t<section class=\"elementor-section elementor-top-section elementor-element elementor-element-527bd7f elementor-section-height-min-height elementor-section-boxed elementor-section-height-default elementor-section-items-middle\" data-id=\"527bd7f\" data-element_type=\"section\" data-e-type=\"section\" data-settings=\"{&quot;background_background&quot;:&quot;classic&quot;}\">\n\t\t\t\t\t\t\t<div class=\"elementor-background-overlay\"><\/div>\n\t\t\t\t\t\t\t<div class=\"elementor-container elementor-column-gap-default\">\n\t\t\t\t\t<div class=\"elementor-column elementor-col-100 elementor-top-column elementor-element elementor-element-08a6c94\" data-id=\"08a6c94\" data-element_type=\"column\" data-e-type=\"column\">\n\t\t\t<div class=\"elementor-widget-wrap elementor-element-populated\">\n\t\t\t\t\t\t<div class=\"elementor-element elementor-element-4706670 elementor-widget elementor-widget-heading\" data-id=\"4706670\" data-element_type=\"widget\" data-e-type=\"widget\" data-widget_type=\"heading.default\">\n\t\t\t\t<div class=\"elementor-widget-container\">\n\t\t\t\t\t<div class=\"elementor-heading-title elementor-size-default\">Ph\u1ea7n m\u1ec1m qu\u1ea3n tr\u1ecb nh\u00e2n t\u00e0i &amp; nh\u00e2n l\u1ef1c L\u1ea1c Vi\u1ec7t sureHCS<\/div>\t\t\t\t<\/div>\n\t\t\t\t<\/div>\n\t\t\t\t<div class=\"elementor-element elementor-element-eed79ee elementor-widget elementor-widget-text-editor\" data-id=\"eed79ee\" data-element_type=\"widget\" data-e-type=\"widget\" data-widget_type=\"text-editor.default\">\n\t\t\t\t<div class=\"elementor-widget-container\">\n\t\t\t\t\t\t\t\t\t<p>H\u1ec7 th\u00f4\u0301ng ph\u00e2\u0300n m\u00ea\u0300m qua\u0309n tri\u0323 ngu\u00f4\u0300n nh\u00e2n l\u01b0\u0323c v\u01a1\u0301i m\u00f4 hi\u0300nh qua\u0309n tri\u0323 hi\u1ec7n \u0111a\u0323i d\u01b0\u0323a tr\u00ean c\u00f4ng ngh\u1ec7 ti\u00ean ti\u00ea\u0301n nh\u00e2\u0301t hi\u1ec7n nay<\/p>\t\t\t\t\t\t\t\t<\/div>\n\t\t\t\t<\/div>\n\t\t\t\t\t<\/div>\n\t\t<\/div>\n\t\t\t\t\t<\/div>\n\t\t<\/section>\n\t\t\t\t<section class=\"elementor-section elementor-top-section elementor-element elementor-element-b579523 elementor-section-boxed elementor-section-height-default elementor-section-height-default\" data-id=\"b579523\" data-element_type=\"section\" data-e-type=\"section\">\n\t\t\t\t\t\t<div class=\"elementor-container elementor-column-gap-default\">\n\t\t\t\t\t<div class=\"elementor-column elementor-col-50 elementor-top-column elementor-element elementor-element-9b815d4\" data-id=\"9b815d4\" data-element_type=\"column\" data-e-type=\"column\">\n\t\t\t<div class=\"elementor-widget-wrap elementor-element-populated\">\n\t\t\t\t\t\t<div class=\"elementor-element elementor-element-b13e73a elementor-widget elementor-widget-heading\" data-id=\"b13e73a\" data-element_type=\"widget\" data-e-type=\"widget\" data-widget_type=\"heading.default\">\n\t\t\t\t<div class=\"elementor-widget-container\">\n\t\t\t\t\t<h1 class=\"elementor-heading-title elementor-size-default\">Li\u00ean h\u1ec7 v\u1edbi ch\u00fang t\u00f4i<\/h1>\t\t\t\t<\/div>\n\t\t\t\t<\/div>\n\t\t\t\t<section class=\"elementor-section elementor-inner-section elementor-element elementor-element-6090112 elementor-section-boxed elementor-section-height-default elementor-section-height-default\" data-id=\"6090112\" data-element_type=\"section\" data-e-type=\"section\">\n\t\t\t\t\t\t<div class=\"elementor-container elementor-column-gap-default\">\n\t\t\t\t\t<div class=\"elementor-column elementor-col-50 elementor-inner-column elementor-element elementor-element-ce34cf5\" data-id=\"ce34cf5\" data-element_type=\"column\" data-e-type=\"column\">\n\t\t\t<div class=\"elementor-widget-wrap elementor-element-populated\">\n\t\t\t\t\t\t<div class=\"elementor-element elementor-element-ac4c52d elementor-position-inline-start elementor-mobile-position-inline-start elementor-view-default elementor-widget elementor-widget-icon-box\" data-id=\"ac4c52d\" data-element_type=\"widget\" data-e-type=\"widget\" data-widget_type=\"icon-box.default\">\n\t\t\t\t<div class=\"elementor-widget-container\">\n\t\t\t\t\t\t\t<div class=\"elementor-icon-box-wrapper\">\n\n\t\t\t\t\t\t<div class=\"elementor-icon-box-icon\">\n\t\t\t\t<a href=\"https:\/\/zalo.me\/0901555063\" target=\"_blank\" rel=\"nofollow noopener\" class=\"elementor-icon\" tabindex=\"-1\" aria-label=\"Zalo\">\n\t\t\t\t<i aria-hidden=\"true\" class=\"far fa-comment-dots\"><\/i>\t\t\t\t<\/a>\n\t\t\t<\/div>\n\t\t\t\n\t\t\t\t\t\t<div class=\"elementor-icon-box-content\">\n\n\t\t\t\t\t\t\t\t\t<div class=\"elementor-icon-box-title\">\n\t\t\t\t\t\t<a href=\"https:\/\/zalo.me\/0901555063\" target=\"_blank\" rel=\"nofollow noopener\">\n\t\t\t\t\t\t\tZalo\t\t\t\t\t\t<\/a>\n\t\t\t\t\t<\/div>\n\t\t\t\t\n\t\t\t\t\t\t\t\t\t<p class=\"elementor-icon-box-description\">\n\t\t\t\t\t\tPh\u1ea7n m\u1ec1m L\u1ea1c Vi\u1ec7t\t\t\t\t\t<\/p>\n\t\t\t\t\n\t\t\t<\/div>\n\t\t\t\n\t\t<\/div>\n\t\t\t\t\t\t<\/div>\n\t\t\t\t<\/div>\n\t\t\t\t\t<\/div>\n\t\t<\/div>\n\t\t\t\t<div class=\"elementor-column elementor-col-50 elementor-inner-column elementor-element elementor-element-fcaf26a\" data-id=\"fcaf26a\" data-element_type=\"column\" data-e-type=\"column\">\n\t\t\t<div class=\"elementor-widget-wrap elementor-element-populated\">\n\t\t\t\t\t\t<div class=\"elementor-element elementor-element-1ecdbe8 elementor-position-inline-start elementor-mobile-position-inline-start elementor-view-default elementor-widget elementor-widget-icon-box\" data-id=\"1ecdbe8\" data-element_type=\"widget\" data-e-type=\"widget\" data-widget_type=\"icon-box.default\">\n\t\t\t\t<div class=\"elementor-widget-container\">\n\t\t\t\t\t\t\t<div class=\"elementor-icon-box-wrapper\">\n\n\t\t\t\t\t\t<div class=\"elementor-icon-box-icon\">\n\t\t\t\t<a href=\"tel:0901555063\" class=\"elementor-icon\" tabindex=\"-1\" aria-label=\"Hotline\">\n\t\t\t\t<i aria-hidden=\"true\" class=\"fas fa-phone-square-alt\"><\/i>\t\t\t\t<\/a>\n\t\t\t<\/div>\n\t\t\t\n\t\t\t\t\t\t<div class=\"elementor-icon-box-content\">\n\n\t\t\t\t\t\t\t\t\t<div class=\"elementor-icon-box-title\">\n\t\t\t\t\t\t<a href=\"tel:0901555063\" >\n\t\t\t\t\t\t\tHotline\t\t\t\t\t\t<\/a>\n\t\t\t\t\t<\/div>\n\t\t\t\t\n\t\t\t\t\t\t\t\t\t<p class=\"elementor-icon-box-description\">\n\t\t\t\t\t\t0901 555 063\t\t\t\t\t<\/p>\n\t\t\t\t\n\t\t\t<\/div>\n\t\t\t\n\t\t<\/div>\n\t\t\t\t\t\t<\/div>\n\t\t\t\t<\/div>\n\t\t\t\t\t<\/div>\n\t\t<\/div>\n\t\t\t\t\t<\/div>\n\t\t<\/section>\n\t\t\t\t<section class=\"elementor-section elementor-inner-section elementor-element elementor-element-7580fba elementor-section-boxed elementor-section-height-default elementor-section-height-default\" data-id=\"7580fba\" data-element_type=\"section\" data-e-type=\"section\">\n\t\t\t\t\t\t<div class=\"elementor-container elementor-column-gap-default\">\n\t\t\t\t\t<div class=\"elementor-column elementor-col-50 elementor-inner-column elementor-element elementor-element-5bd55c2\" data-id=\"5bd55c2\" data-element_type=\"column\" data-e-type=\"column\">\n\t\t\t<div class=\"elementor-widget-wrap elementor-element-populated\">\n\t\t\t\t\t\t<div class=\"elementor-element elementor-element-e049599 elementor-position-inline-start elementor-mobile-position-inline-start elementor-view-default elementor-widget elementor-widget-icon-box\" data-id=\"e049599\" data-element_type=\"widget\" data-e-type=\"widget\" data-widget_type=\"icon-box.default\">\n\t\t\t\t<div class=\"elementor-widget-container\">\n\t\t\t\t\t\t\t<div class=\"elementor-icon-box-wrapper\">\n\n\t\t\t\t\t\t<div class=\"elementor-icon-box-icon\">\n\t\t\t\t<a href=\"mailto:surehcs@lacviet.com.vn\" class=\"elementor-icon\" tabindex=\"-1\" aria-label=\"Email\">\n\t\t\t\t<i aria-hidden=\"true\" class=\"fas fa-mail-bulk\"><\/i>\t\t\t\t<\/a>\n\t\t\t<\/div>\n\t\t\t\n\t\t\t\t\t\t<div class=\"elementor-icon-box-content\">\n\n\t\t\t\t\t\t\t\t\t<div class=\"elementor-icon-box-title\">\n\t\t\t\t\t\t<a href=\"mailto:surehcs@lacviet.com.vn\" >\n\t\t\t\t\t\t\tEmail\t\t\t\t\t\t<\/a>\n\t\t\t\t\t<\/div>\n\t\t\t\t\n\t\t\t\t\t\t\t\t\t<p class=\"elementor-icon-box-description\">\n\t\t\t\t\t\tsurehcs@lacviet.com.vn\t\t\t\t\t<\/p>\n\t\t\t\t\n\t\t\t<\/div>\n\t\t\t\n\t\t<\/div>\n\t\t\t\t\t\t<\/div>\n\t\t\t\t<\/div>\n\t\t\t\t\t<\/div>\n\t\t<\/div>\n\t\t\t\t<div class=\"elementor-column elementor-col-50 elementor-inner-column elementor-element elementor-element-e188c2b\" data-id=\"e188c2b\" data-element_type=\"column\" data-e-type=\"column\">\n\t\t\t<div class=\"elementor-widget-wrap elementor-element-populated\">\n\t\t\t\t\t\t<div class=\"elementor-element elementor-element-2b074c5 elementor-position-inline-start elementor-mobile-position-inline-start elementor-view-default elementor-widget elementor-widget-icon-box\" data-id=\"2b074c5\" data-element_type=\"widget\" data-e-type=\"widget\" data-widget_type=\"icon-box.default\">\n\t\t\t\t<div class=\"elementor-widget-container\">\n\t\t\t\t\t\t\t<div class=\"elementor-icon-box-wrapper\">\n\n\t\t\t\t\t\t<div class=\"elementor-icon-box-icon\">\n\t\t\t\t<a href=\"https:\/\/www.facebook.com\/surehcs\" target=\"_blank\" rel=\"nofollow noopener\" class=\"elementor-icon\" tabindex=\"-1\" aria-label=\"Facebook\">\n\t\t\t\t<i aria-hidden=\"true\" class=\"fas fa-globe\"><\/i>\t\t\t\t<\/a>\n\t\t\t<\/div>\n\t\t\t\n\t\t\t\t\t\t<div class=\"elementor-icon-box-content\">\n\n\t\t\t\t\t\t\t\t\t<div class=\"elementor-icon-box-title\">\n\t\t\t\t\t\t<a href=\"https:\/\/www.facebook.com\/surehcs\" target=\"_blank\" rel=\"nofollow noopener\">\n\t\t\t\t\t\t\tFacebook\t\t\t\t\t\t<\/a>\n\t\t\t\t\t<\/div>\n\t\t\t\t\n\t\t\t\t\t\t\t\t\t<p class=\"elementor-icon-box-description\">\n\t\t\t\t\t\tPh\u1ea7n m\u1ec1m nh\u00e2n s\u1ef1 LV Surehcs\t\t\t\t\t<\/p>\n\t\t\t\t\n\t\t\t<\/div>\n\t\t\t\n\t\t<\/div>\n\t\t\t\t\t\t<\/div>\n\t\t\t\t<\/div>\n\t\t\t\t\t<\/div>\n\t\t<\/div>\n\t\t\t\t\t<\/div>\n\t\t<\/section>\n\t\t\t\t<section class=\"elementor-section elementor-inner-section elementor-element elementor-element-aeb3ccc elementor-section-boxed elementor-section-height-default elementor-section-height-default\" data-id=\"aeb3ccc\" data-element_type=\"section\" data-e-type=\"section\">\n\t\t\t\t\t\t<div class=\"elementor-container elementor-column-gap-default\">\n\t\t\t\t\t<div class=\"elementor-column elementor-col-100 elementor-inner-column elementor-element elementor-element-932fa97\" data-id=\"932fa97\" data-element_type=\"column\" data-e-type=\"column\">\n\t\t\t<div class=\"elementor-widget-wrap elementor-element-populated\">\n\t\t\t\t\t\t<div class=\"elementor-element elementor-element-3955e00 elementor-position-inline-start elementor-mobile-position-inline-start elementor-view-default elementor-widget elementor-widget-icon-box\" data-id=\"3955e00\" data-element_type=\"widget\" data-e-type=\"widget\" data-widget_type=\"icon-box.default\">\n\t\t\t\t<div class=\"elementor-widget-container\">\n\t\t\t\t\t\t\t<div class=\"elementor-icon-box-wrapper\">\n\n\t\t\t\t\t\t<div class=\"elementor-icon-box-icon\">\n\t\t\t\t<span  class=\"elementor-icon\">\n\t\t\t\t<i aria-hidden=\"true\" class=\"fas fa-map-marker-alt\"><\/i>\t\t\t\t<\/span>\n\t\t\t<\/div>\n\t\t\t\n\t\t\t\t\t\t<div class=\"elementor-icon-box-content\">\n\n\t\t\t\t\t\t\t\t\t<div class=\"elementor-icon-box-title\">\n\t\t\t\t\t\t<span  >\n\t\t\t\t\t\t\tV\u0103n ph\u00f2ng:\t\t\t\t\t\t<\/span>\n\t\t\t\t\t<\/div>\n\t\t\t\t\n\t\t\t\t\t\t\t\t\t<p class=\"elementor-icon-box-description\">\n\t\t\t\t\t\t23 Nguy\u1ec5n Th\u1ecb Hu\u1ef3nh, Ph\u01b0\u1eddng Ph\u00fa Nhu\u1eadn, Th\u00e0nh Ph\u1ed1 H\u1ed3 Ch\u00ed Minh, Vi\u1ec7t Nam\t\t\t\t\t<\/p>\n\t\t\t\t\n\t\t\t<\/div>\n\t\t\t\n\t\t<\/div>\n\t\t\t\t\t\t<\/div>\n\t\t\t\t<\/div>\n\t\t\t\t\t<\/div>\n\t\t<\/div>\n\t\t\t\t\t<\/div>\n\t\t<\/section>\n\t\t\t\t\t<\/div>\n\t\t<\/div>\n\t\t\t\t<div class=\"elementor-column elementor-col-50 elementor-top-column elementor-element elementor-element-f279c3b\" data-id=\"f279c3b\" data-element_type=\"column\" data-e-type=\"column\" data-settings=\"{&quot;background_background&quot;:&quot;classic&quot;}\">\n\t\t\t<div class=\"elementor-widget-wrap elementor-element-populated\">\n\t\t\t\t\t\t<div class=\"elementor-element elementor-element-1687255 elementor-widget elementor-widget-formidable\" data-id=\"1687255\" data-element_type=\"widget\" data-e-type=\"widget\" data-widget_type=\"formidable.default\">\n\t\t\t\t<div class=\"elementor-widget-container\">\n\t\t\t\t\t<div class=\"frm_forms  with_frm_style frm_style_formidable-style\" id=\"frm_form_11_container\" data-token=\"c13c3ef352af9c26f67fd59b47a47e98\">\n<form enctype=\"multipart\/form-data\" method=\"post\" class=\"frm-show-form \" id=\"form_tu-van\" data-token=\"c13c3ef352af9c26f67fd59b47a47e98\">\n<div class=\"frm_form_fields \">\n<fieldset>\n<legend class=\"frm_screen_reader\">T\u01b0 v\u1ea5n<\/legend>\r\n\r\n<div class=\"frm_fields_container\">\n<input type=\"hidden\" name=\"frm_action\" value=\"create\" \/>\n<input type=\"hidden\" name=\"form_id\" value=\"11\" \/>\n<input type=\"hidden\" name=\"frm_hide_fields_11\" id=\"frm_hide_fields_11\" value=\"\" \/>\n<input type=\"hidden\" name=\"form_key\" value=\"tu-van\" \/>\n<input type=\"hidden\" name=\"item_meta[0]\" value=\"\" \/>\n<input type=\"hidden\" id=\"frm_submit_entry_11\" name=\"frm_submit_entry_11\" value=\"10aafbdd0c\" \/><input type=\"hidden\" name=\"_wp_http_referer\" value=\"\/en\/wp-json\/wp\/v2\/pages\/2945\" \/><div id=\"frm_field_60_container\" class=\"frm_form_field form-field  frm_required_field frm_top_container frm6 frm_first\">\r\n    <label for=\"field_en46r\" id=\"field_en46r_label\" class=\"frm_primary_label\">\r\n        <span class=\"frm_required\" aria-hidden=\"true\"><\/span>\r\n    <\/label>\r\n    <input type=\"text\" id=\"field_en46r\" name=\"item_meta[60]\" value=\"\"  placeholder=\"H\u1ecd v\u00e0 t\u00ean *\" data-reqmsg=\"Th\u00f4ng tin n\u00e0y kh\u00f4ng \u0111\u01b0\u1ee3c \u0111\u1ec3 tr\u1ed1ng.\" aria-required=\"true\" data-invmsg=\"Text is invalid\" aria-invalid=\"false\"  \/>\r\n    \r\n    \r\n<\/div>\n<div id=\"frm_field_61_container\" class=\"frm_form_field form-field  frm_required_field frm_top_container frm6\">\r\n    <label for=\"field_dzlrg\" id=\"field_dzlrg_label\" class=\"frm_primary_label\">\r\n        <span class=\"frm_required\" aria-hidden=\"true\"><\/span>\r\n    <\/label>\r\n    <input type=\"tel\" id=\"field_dzlrg\" name=\"item_meta[61]\" value=\"\"  placeholder=\"S\u1ed1 \u0111i\u1ec7n tho\u1ea1i *\" data-reqmsg=\"Th\u00f4ng tin n\u00e0y kh\u00f4ng \u0111\u01b0\u1ee3c \u0111\u1ec3 tr\u1ed1ng.\" aria-required=\"true\" data-invmsg=\"S\u1ed1 \u0111i\u1ec7n tho\u1ea1i kh\u00f4ng \u0111\u00fang.\" aria-invalid=\"false\" pattern=\"((\\+\\d{1,3}(-|.| )?\\(?\\d\\)?(-| |.)?\\d{1,5})|(\\(?\\d{2,6}\\)?))(-|.| )?(\\d{3,4})(-|.| )?(\\d{4})(( x| ext)\\d{1,5}){0,1}$\"  \/>\r\n    \r\n    \r\n<\/div>\n<div id=\"frm_field_64_container\" class=\"frm_form_field form-field  frm_required_field frm_top_container frm6 frm_first\">\r\n    <label for=\"field_2lsx0\" id=\"field_2lsx0_label\" class=\"frm_primary_label\">\r\n        <span class=\"frm_required\" aria-hidden=\"true\"><\/span>\r\n    <\/label>\r\n    <input type=\"email\" id=\"field_2lsx0\" name=\"item_meta[64]\" value=\"\"  placeholder=\"Email *\" data-reqmsg=\"Th\u00f4ng tin n\u00e0y kh\u00f4ng \u0111\u01b0\u1ee3c \u0111\u1ec3 tr\u1ed1ng.\" aria-required=\"true\" data-invmsg=\"This field kh\u00f4ng h\u1ee3p l\u1ec7\" aria-invalid=\"false\"  \/>\r\n    \r\n    \r\n<\/div>\n<div id=\"frm_field_66_container\" class=\"frm_form_field form-field  frm_top_container frm6\">\r\n    <label for=\"field_zza1f\" id=\"field_zza1f_label\" class=\"frm_primary_label\">\r\n        <span class=\"frm_required\" aria-hidden=\"true\"><\/span>\r\n    <\/label>\r\n    \t\t<select name=\"item_meta[66]\" id=\"field_zza1f\"  placeholder=\"Ch\u1ee9c v\u1ee5\" data-invmsg=\"This field kh\u00f4ng h\u1ee3p l\u1ec7\" aria-invalid=\"false\"  >\n\t\t<option  class=\"frm-select-placeholder\" value=\"\" data-placeholder=\"true\">Ch\u1ee9c v\u1ee5<\/option><option  value=\"Founder\">Founder<\/option><option  value=\"Ch\u1ee7 t\u1ecbch\">Ch\u1ee7 t\u1ecbch<\/option><option  value=\"CEO\">CEO<\/option><option  value=\"CHRO\">CHRO<\/option><option  value=\"Tr\u01b0\u1edfng ph\u00f2ng nh\u00e2n s\u1ef1\">Tr\u01b0\u1edfng ph\u00f2ng nh\u00e2n s\u1ef1<\/option><option  value=\"Chuy\u00ean vi\u00ean nh\u00e2n s\u1ef1\">Chuy\u00ean vi\u00ean nh\u00e2n s\u1ef1<\/option><option  value=\"Nh\u00e2n vi\u00ean\">Nh\u00e2n vi\u00ean<\/option><option  value=\"Kh\u00e1c\">Kh\u00e1c<\/option>\t<\/select>\n\t\r\n    \r\n    \r\n<\/div>\n<div id=\"frm_field_57_container\" class=\"frm_form_field form-field  frm_top_container frm6 frm_first\">\r\n    <label for=\"field_ahom9\" id=\"field_ahom9_label\" class=\"frm_primary_label\">\r\n        <span class=\"frm_required\" aria-hidden=\"true\"><\/span>\r\n    <\/label>\r\n    <input type=\"text\" id=\"field_ahom9\" name=\"item_meta[57]\" value=\"\"  placeholder=\"T\u00ean doanh nghi\u1ec7p\" data-invmsg=\"Text is invalid\" aria-invalid=\"false\"  \/>\r\n    \r\n    \r\n<\/div>\n<div id=\"frm_field_58_container\" class=\"frm_form_field form-field  frm_top_container frm6\">\r\n    <label for=\"field_2xife\" id=\"field_2xife_label\" class=\"frm_primary_label\">\r\n        <span class=\"frm_required\" aria-hidden=\"true\"><\/span>\r\n    <\/label>\r\n    <input type=\"text\" id=\"field_2xife\" name=\"item_meta[58]\" value=\"\"  placeholder=\"Website\" data-invmsg=\"Text is invalid\" aria-invalid=\"false\"  \/>\r\n    \r\n    \r\n<\/div>\n<div id=\"frm_field_62_container\" class=\"frm_form_field form-field  frm_top_container frm6 frm_first\">\r\n    <label for=\"field_hy1tk\" id=\"field_hy1tk_label\" class=\"frm_primary_label\">\r\n        <span class=\"frm_required\" aria-hidden=\"true\"><\/span>\r\n    <\/label>\r\n    \t\t<select name=\"item_meta[62]\" id=\"field_hy1tk\"  placeholder=\"Quy m\u00f4 doanh nghi\u1ec7p\" data-invmsg=\"This field kh\u00f4ng h\u1ee3p l\u1ec7\" aria-invalid=\"false\"  >\n\t\t<option  class=\"frm-select-placeholder\" value=\"\" data-placeholder=\"true\">Quy m\u00f4 doanh nghi\u1ec7p<\/option><option  value=\"&lt;50 nh\u00e2n vi\u00ean\">&lt;50 nh\u00e2n vi\u00ean<\/option><option  value=\"51 - 100 nh\u00e2n vi\u00ean\">51 - 100 nh\u00e2n vi\u00ean<\/option><option  value=\"101 - 200 nh\u00e2n vi\u00ean\">101 - 200 nh\u00e2n vi\u00ean<\/option><option  value=\"201 - 500 nh\u00e2n vi\u00ean\">201 - 500 nh\u00e2n vi\u00ean<\/option><option  value=\"501 - 1000 nh\u00e2n vi\u00ean\">501 - 1000 nh\u00e2n vi\u00ean<\/option><option  value=\"&gt;1000 nh\u00e2n vi\u00ean\">&gt;1000 nh\u00e2n vi\u00ean<\/option>\t<\/select>\n\t\r\n    \r\n    \r\n<\/div>\n<div id=\"frm_field_65_container\" class=\"frm_form_field form-field  frm_required_field frm_top_container frm6\">\r\n    <label for=\"field_k06ee\" id=\"field_k06ee_label\" class=\"frm_primary_label\">\r\n        <span class=\"frm_required\" aria-hidden=\"true\"><\/span>\r\n    <\/label>\r\n    \t\t<select name=\"item_meta[65]\" id=\"field_k06ee\"  placeholder=\"Nhu c\u1ea7u t\u01b0 v\u1ea5n *\" data-reqmsg=\"Th\u00f4ng tin n\u00e0y kh\u00f4ng \u0111\u01b0\u1ee3c \u0111\u1ec3 tr\u1ed1ng.\" aria-required=\"true\" data-invmsg=\"This field kh\u00f4ng h\u1ee3p l\u1ec7\" aria-invalid=\"false\"  >\n\t\t<option  class=\"frm-select-placeholder\" value=\"\" data-placeholder=\"true\">Nhu c\u1ea7u t\u01b0 v\u1ea5n *<\/option><option  value=\"H\u1ec7 th\u1ed1ng qu\u1ea3n tr\u1ecb ngu\u1ed3n nh\u00e2n l\u1ef1c to\u00e0n di\u1ec7n\">H\u1ec7 th\u1ed1ng qu\u1ea3n tr\u1ecb ngu\u1ed3n nh\u00e2n l\u1ef1c to\u00e0n di\u1ec7n<\/option><option  value=\"Ph\u1ea7n m\u1ec1m tuy\u1ec3n d\u1ee5ng\">Ph\u1ea7n m\u1ec1m tuy\u1ec3n d\u1ee5ng<\/option><option  value=\"H\u1ec7 th\u1ed1ng Candidate Pool AI\">H\u1ec7 th\u1ed1ng Candidate Pool AI<\/option><option  value=\"Ph\u1ea7n m\u1ec1m C&amp;B\">Ph\u1ea7n m\u1ec1m C&amp;B<\/option><option  value=\"Ph\u1ea7n m\u1ec1m \u0111\u00e1nh gi\u00e1 nh\u00e2n vi\u00ean\">Ph\u1ea7n m\u1ec1m \u0111\u00e1nh gi\u00e1 nh\u00e2n vi\u00ean<\/option><option  value=\"Ph\u1ea7n m\u1ec1m \u0111\u00e0o t\u1ea1o tr\u1ef1c tuy\u1ebfn\">Ph\u1ea7n m\u1ec1m \u0111\u00e0o t\u1ea1o tr\u1ef1c tuy\u1ebfn<\/option><option  value=\"Kh\u1ea3o s\u00e1t nh\u00e2n vi\u00ean theo v\u00f2ng \u0111\u1eddi\">Kh\u1ea3o s\u00e1t nh\u00e2n vi\u00ean theo v\u00f2ng \u0111\u1eddi<\/option><option  value=\"N\u1ec1n t\u1ea3ng qu\u1ea3n l\u00fd tr\u1ea3i nghi\u1ec7m nh\u00e2n vi\u00ean\">N\u1ec1n t\u1ea3ng qu\u1ea3n l\u00fd tr\u1ea3i nghi\u1ec7m nh\u00e2n vi\u00ean<\/option><option  value=\"Dashboard nh\u00e2n s\u1ef1 v\u00e0 AI t\u01b0 v\u1ea5n\">Dashboard nh\u00e2n s\u1ef1 v\u00e0 AI t\u01b0 v\u1ea5n<\/option>\t<\/select>\n\t\r\n    \r\n    \r\n<\/div>\n<div id=\"frm_field_91_container\" class=\"frm_form_field form-field  frm_none_container\">\r\n\t<label for=\"g-recaptcha-response\" id=\"field_ojp10_label\" class=\"frm_primary_label\">Captcha\r\n\t\t<span class=\"frm_required\" aria-hidden=\"true\"><\/span>\r\n\t<\/label>\r\n\t<div  id=\"field_ojp10\" class=\"g-recaptcha\" data-sitekey=\"6LexPF8bAAAAABVTCNDuOGGhiBWMaQijt5r_RX_G\" data-size=\"normal\" data-theme=\"light\"><\/div>\r\n\t\r\n\t\r\n<\/div>\n<div id=\"frm_field_121_container\" class=\"frm_form_field  frm_html_container form-field\"><span style=\"font-size: 13px; color: #333;\"><em>B\u1eb1ng c\u00e1ch nh\u1ea5n v\u00e0o n\u00fat <strong>G\u1eedi y\u00eau c\u1ea7u<\/strong>, b\u1ea1n \u0111\u00e3 \u0111\u1ed3ng \u00fd v\u1edbi <a href=\"https:\/\/www.surehcs.com\/chinh-sach-bao-ve-du-lieu-ca-nhan\/\">Ch\u00ednh s\u00e1ch b\u1ea3o m\u1eadt th\u00f4ng tin<\/a> c\u1ee7a L\u1ea1c Vi\u1ec7t SureHCS.<\/em><\/span><\/div>\n<div id=\"frm_field_79_container\" class=\"frm_form_field form-field \">\r\n\t<div class=\"frm_submit\">\r\n\r\n<button class=\"frm_button_submit\" type=\"submit\"  >G\u1eedi y\u00eau c\u1ea7u<\/button>\r\n\r\n\r\n<\/div>\r\n<\/div>\n\t<input type=\"hidden\" name=\"item_key\" value=\"\" \/>\n\t\t\t<div id=\"frm_field_145_container\">\n\t\t\t<label for=\"field_gnzr0\" >\n\t\t\t\tIf you are human, leave this field blank.\t\t\t<\/label>\n\t\t\t<input  id=\"field_gnzr0\" type=\"text\" class=\"frm_form_field form-field frm_verify\" name=\"item_meta[145]\" value=\"\"  \/>\n\t\t<\/div>\n\t\t<input name=\"frm_state\" type=\"hidden\" value=\"Yo6xeb\/G8f0MzzIW40smwxCVMnikXUEk\/GnrIDDKTYU=\" \/><\/div>\n<\/fieldset>\n<\/div>\n\n<\/form>\n<\/div>\n\t\t\t\t<\/div>\n\t\t\t\t<\/div>\n\t\t\t\t\t<\/div>\n\t\t<\/div>\n\t\t\t\t\t<\/div>\n\t\t<\/section>\n\t\t\t\t<section class=\"elementor-section elementor-top-section elementor-element elementor-element-fd52dbe elementor-section-full_width elementor-section-height-default elementor-section-height-default\" data-id=\"fd52dbe\" data-element_type=\"section\" data-e-type=\"section\">\n\t\t\t\t\t\t<div class=\"elementor-container elementor-column-gap-default\">\n\t\t\t\t\t<div class=\"elementor-column elementor-col-100 elementor-top-column elementor-element elementor-element-88f066f\" data-id=\"88f066f\" data-element_type=\"column\" data-e-type=\"column\">\n\t\t\t<div class=\"elementor-widget-wrap elementor-element-populated\">\n\t\t\t\t\t\t<div class=\"elementor-element elementor-element-bf3a934 elementor-widget elementor-widget-html\" data-id=\"bf3a934\" data-element_type=\"widget\" data-e-type=\"widget\" data-widget_type=\"html.default\">\n\t\t\t\t<div class=\"elementor-widget-container\">\n\t\t\t\t\t<iframe src=\"https:\/\/www.google.com\/maps\/embed?pb=!1m18!1m12!1m3!1d3919.191696484612!2d106.67422991462269!3d10.796625292307825!2m3!1f0!2f0!3f0!3m2!1i1024!2i768!4f13.1!3m3!1m2!1s0x31752996d8b94d3b%3A0x298992916ee6efff!2zUGjhuqdtIG3hu4FtIHF14bqjbiBsw70gbmjDom4gc-G7sSBTdXJlSENT!5e0!3m2!1svi!2s!4v1663919664766!5m2!1svi!2s\" width=\"600\" height=\"450\" style=\"border:0;\" allowfullscreen=\"\" loading=\"lazy\" referrerpolicy=\"no-referrer-when-downgrade\"><\/iframe>\t\t\t\t<\/div>\n\t\t\t\t<\/div>\n\t\t\t\t\t<\/div>\n\t\t<\/div>\n\t\t\t\t\t<\/div>\n\t\t<\/section>\n\t\t\t\t<\/div>\n\t\t","protected":false},"excerpt":{"rendered":"<p>Ph\u1ea7n m\u1ec1m qu\u1ea3n tr\u1ecb nh\u00e2n t\u00e0i &amp; nh\u00e2n l\u1ef1c L\u1ea1c Vi\u1ec7t sureHCS H\u1ec7 th\u00f4\u0301ng ph\u00e2\u0300n m\u00ea\u0300m qua\u0309n tri\u0323 ngu\u00f4\u0300n nh\u00e2n l\u01b0\u0323c v\u01a1\u0301i m\u00f4 hi\u0300nh qua\u0309n tri\u0323 hi\u1ec7n \u0111a\u0323i d\u01b0\u0323a tr\u00ean c\u00f4ng ngh\u1ec7 ti\u00ean ti\u00ea\u0301n nh\u00e2\u0301t hi\u1ec7n nay Li\u00ean h\u1ec7 v\u1edbi ch\u00fang t\u00f4i Zalo Ph\u1ea7n m\u1ec1m L\u1ea1c Vi\u1ec7t Hotline 0901 555 063 Email surehcs@lacviet.com.vn Facebook Ph\u1ea7n [&hellip;]<\/p>\n","protected":false},"author":5,"featured_media":0,"parent":0,"menu_order":0,"comment_status":"closed","ping_status":"closed","template":"","meta":{"footnotes":""},"class_list":["post-2945","page","type-page","status-publish","hentry"],"_links":{"self":[{"href":"https:\/\/www.surehcs.com\/en\/wp-json\/wp\/v2\/pages\/2945","targetHints":{"allow":["GET"]}}],"collection":[{"href":"https:\/\/www.surehcs.com\/en\/wp-json\/wp\/v2\/pages"}],"about":[{"href":"https:\/\/www.surehcs.com\/en\/wp-json\/wp\/v2\/types\/page"}],"author":[{"embeddable":true,"href":"https:\/\/www.surehcs.com\/en\/wp-json\/wp\/v2\/users\/5"}],"replies":[{"embeddable":true,"href":"https:\/\/www.surehcs.com\/en\/wp-json\/wp\/v2\/comments?post=2945"}],"version-history":[{"count":40,"href":"https:\/\/www.surehcs.com\/en\/wp-json\/wp\/v2\/pages\/2945\/revisions"}],"predecessor-version":[{"id":24333,"href":"https:\/\/www.surehcs.com\/en\/wp-json\/wp\/v2\/pages\/2945\/revisions\/24333"}],"wp:attachment":[{"href":"https:\/\/www.surehcs.com\/en\/wp-json\/wp\/v2\/media?parent=2945"}],"curies":[{"name":"wp","href":"https:\/\/api.w.org\/{rel}","templated":true}]}}